{"id":166,"date":"2023-11-10T14:18:29","date_gmt":"2023-11-10T14:18:29","guid":{"rendered":"https:\/\/roseliaubaldo.com.br\/?page_id=166"},"modified":"2024-03-28T19:48:52","modified_gmt":"2024-03-28T19:48:52","slug":"roseli","status":"publish","type":"page","link":"https:\/\/roseliaubaldo.com.br\/index.php\/roseli\/","title":{"rendered":"Roseli"},"content":{"rendered":"\t\t<div data-elementor-type=\"wp-page\" data-elementor-id=\"166\" class=\"elementor elementor-166\">\n\t\t\t\t<div class=\"elementor-element elementor-element-1fa29f8a e-flex e-con-boxed e-con e-parent\" data-id=\"1fa29f8a\" data-element_type=\"container\">\n\t\t\t\t\t<div class=\"e-con-inner\">\n\t\t<div class=\"elementor-element elementor-element-48fe362d e-con-full e-flex e-con e-child\" data-id=\"48fe362d\" data-element_type=\"container\">\n\t\t\t\t<div class=\"elementor-element elementor-element-2ab8f018 elementor-widget__width-inherit elementor-widget elementor-widget-image\" data-id=\"2ab8f018\" data-element_type=\"widget\" data-widget_type=\"image.default\">\n\t\t\t\t<div class=\"elementor-widget-container\">\n\t\t\t<style>\/*! elementor - v3.21.0 - 25-04-2024 *\/\n.elementor-widget-image{text-align:center}.elementor-widget-image a{display:inline-block}.elementor-widget-image a img[src$=\".svg\"]{width:48px}.elementor-widget-image img{vertical-align:middle;display:inline-block}<\/style>\t\t\t\t\t\t\t\t\t\t\t<a href=\"https:\/\/roseliaubaldo.com.br\/\">\n\t\t\t\t\t\t\t<img decoding=\"async\" width=\"300\" height=\"65\" src=\"https:\/\/roseliaubaldo.com.br\/wp-content\/uploads\/2024\/03\/LOGO-FUNDO-TRANSPARENTE-300x65.png\" class=\"attachment-medium size-medium wp-image-968\" alt=\"\" srcset=\"https:\/\/roseliaubaldo.com.br\/wp-content\/uploads\/2024\/03\/LOGO-FUNDO-TRANSPARENTE-300x65.png 300w, https:\/\/roseliaubaldo.com.br\/wp-content\/uploads\/2024\/03\/LOGO-FUNDO-TRANSPARENTE-1024x221.png 1024w, https:\/\/roseliaubaldo.com.br\/wp-content\/uploads\/2024\/03\/LOGO-FUNDO-TRANSPARENTE-768x166.png 768w, https:\/\/roseliaubaldo.com.br\/wp-content\/uploads\/2024\/03\/LOGO-FUNDO-TRANSPARENTE.png 1080w\" sizes=\"(max-width: 300px) 100vw, 300px\" style=\"width:100%;height:21.57%;max-width:1080px\" \/>\t\t\t\t\t\t\t\t<\/a>\n\t\t\t\t\t\t\t\t\t\t\t\t\t<\/div>\n\t\t\t\t<\/div>\n\t\t\t\t<\/div>\n\t\t<div class=\"elementor-element elementor-element-4d883ad3 e-con-full e-flex e-con e-child\" data-id=\"4d883ad3\" data-element_type=\"container\">\n\t\t\t\t<div class=\"elementor-element elementor-element-3c639582 eael_simple_menu_hamburger_disable_selected_menu_no eael-simple-menu-hamburger-align-right eael-hamburger--tablet elementor-widget elementor-widget-eael-simple-menu\" data-id=\"3c639582\" data-element_type=\"widget\" data-widget_type=\"eael-simple-menu.default\">\n\t\t\t\t<div class=\"elementor-widget-container\">\n\t\t\t<style>\n                        @media screen and (max-width: 1024px) {\n                            .eael-hamburger--tablet {\n                                .eael-simple-menu-horizontal,\n                                .eael-simple-menu-vertical {\n                                    display: none;\n                                }\n                            }\n                            .eael-hamburger--tablet {\n                                .eael-simple-menu-container .eael-simple-menu-toggle {\n                                    display: block;\n                                }\n                            }\n                        }\n                    <\/style>            <div data-hamburger-icon=\"&lt;i aria-hidden=&quot;true&quot; class=&quot;fas fa-bars&quot;&gt;&lt;\/i&gt;\" data-indicator-icon=\"&lt;i aria-hidden=&quot;true&quot; class=&quot;fas fa-angle-down&quot;&gt;&lt;\/i&gt;\" data-dropdown-indicator-icon=\"&lt;i class=&quot;fas fa-angle-down&quot;&gt;&lt;\/i&gt;\" class=\"eael-simple-menu-container eael-simple-menu-align-right eael-simple-menu-dropdown-align-left preset-2\" data-hamburger-breakpoints=\"{&quot;mobile&quot;:&quot;Mobile Portrait (&gt; 767px)&quot;,&quot;tablet&quot;:&quot;Tablet Portrait (&gt; 1024px)&quot;,&quot;desktop&quot;:&quot;Desktop (&gt; 2400px)&quot;,&quot;none&quot;:&quot;None&quot;}\" data-hamburger-device=\"tablet\">\n                <ul id=\"menu-top\" class=\"eael-simple-menu eael-simple-menu-dropdown-animate-to-top eael-simple-menu-indicator eael-simple-menu-horizontal\"><li id=\"menu-item-334\" class=\"menu-item menu-item-type-post_type menu-item-object-page menu-item-334\"><a href=\"https:\/\/roseliaubaldo.com.br\/index.php\/sobre\/\">Sobre<\/a><\/li>\n<li id=\"menu-item-337\" class=\"menu-item menu-item-type-post_type menu-item-object-page menu-item-337\"><a href=\"https:\/\/roseliaubaldo.com.br\/index.php\/empresa\/\">Servi\u00e7os<\/a><\/li>\n<li id=\"menu-item-336\" class=\"menu-item menu-item-type-post_type menu-item-object-page menu-item-336\"><a href=\"https:\/\/roseliaubaldo.com.br\/index.php\/contato\/\">Contato<\/a><\/li>\n<\/ul>                <button class=\"eael-simple-menu-toggle\">\n                    <span class=\"sr-only \">Humberger Toggle Menu<\/span>\n                    <i aria-hidden=\"true\" class=\"fas fa-bars\"><\/i>                <\/button>\n            <\/div>\n            \t\t<\/div>\n\t\t\t\t<\/div>\n\t\t\t\t<\/div>\n\t\t<div class=\"elementor-element elementor-element-42dbfe5f e-con-full e-flex e-con e-child\" data-id=\"42dbfe5f\" data-element_type=\"container\">\n\t\t\t\t<div class=\"elementor-element elementor-element-10adb619 elementor-widget elementor-widget-elementskit-social-media\" data-id=\"10adb619\" data-element_type=\"widget\" data-widget_type=\"elementskit-social-media.default\">\n\t\t\t\t<div class=\"elementor-widget-container\">\n\t\t\t<div class=\"ekit-wid-con\" >\t\t\t <ul class=\"ekit_social_media\">\n\t\t\t\t\t\t\t\t\t\t\t\t\t\t<li class=\"elementor-repeater-item-8e180f4\">\n\t\t\t\t\t    <a\n\t\t\t\t\t\thref=\"https:\/\/www.linkedin.com\/in\/roseli-ubaldo-155341\/?originalSubdomain=br\" target=\"_blank\" aria-label=\"LinkedIn\" class=\"linkedin\" >\n\t\t\t\t\t\t\t\t\t\t\t\t\t\t\n\t\t\t\t\t\t\t<i aria-hidden=\"true\" class=\"icon icon-linkedin\"><\/i>\t\t\t\t\t\t\t\t\t\n                                                                                                            <\/a>\n                    <\/li>\n                    \t\t\t\t\t\t\t\t\t\t\t\t\t\t<li class=\"elementor-repeater-item-29fa9da\">\n\t\t\t\t\t    <a\n\t\t\t\t\t\thref=\"https:\/\/www.instagram.com\/roseli_ubaldo\/\" target=\"_blank\" aria-label=\"Instagram\" class=\"instagram\" >\n\t\t\t\t\t\t\t\t\t\t\t\t\t\t\n\t\t\t\t\t\t\t<i aria-hidden=\"true\" class=\"fab fa-instagram\"><\/i>\t\t\t\t\t\t\t\t\t\n                                                                                                            <\/a>\n                    <\/li>\n                    \t\t\t\t\t\t\t\t\t\t\t\t\t\t<li class=\"elementor-repeater-item-be1b0f9\">\n\t\t\t\t\t    <a\n\t\t\t\t\t\thref=\"https:\/\/wa.me\/5519978288393\" aria-label=\"Whatsap\" class=\"1\" >\n\t\t\t\t\t\t\t\t\t\t\t\t\t\t\n\t\t\t\t\t\t\t<i aria-hidden=\"true\" class=\"icon icon-whatsapp-1\"><\/i>\t\t\t\t\t\t\t\t\t\n                                                                                                            <\/a>\n                    <\/li>\n                    \t\t\t\t\t\t\t<\/ul>\n\t\t<\/div>\t\t<\/div>\n\t\t\t\t<\/div>\n\t\t\t\t<\/div>\n\t\t\t\t\t<\/div>\n\t\t\t\t<\/div>\n\t\t<div class=\"elementor-element elementor-element-7b8c333d e-flex e-con-boxed e-con e-parent\" data-id=\"7b8c333d\" data-element_type=\"container\">\n\t\t\t\t\t<div class=\"e-con-inner\">\n\t\t<div class=\"elementor-element elementor-element-6d267aad e-con-full e-flex e-con e-child\" data-id=\"6d267aad\" data-element_type=\"container\">\n\t\t\t\t<div class=\"elementor-element elementor-element-5d9bd8d3 elementor-widget elementor-widget-spacer\" data-id=\"5d9bd8d3\" data-element_type=\"widget\" data-widget_type=\"spacer.default\">\n\t\t\t\t<div class=\"elementor-widget-container\">\n\t\t\t<style>\/*! elementor - v3.21.0 - 25-04-2024 *\/\n.elementor-column .elementor-spacer-inner{height:var(--spacer-size)}.e-con{--container-widget-width:100%}.e-con-inner>.elementor-widget-spacer,.e-con>.elementor-widget-spacer{width:var(--container-widget-width,var(--spacer-size));--align-self:var(--container-widget-align-self,initial);--flex-shrink:0}.e-con-inner>.elementor-widget-spacer>.elementor-widget-container,.e-con>.elementor-widget-spacer>.elementor-widget-container{height:100%;width:100%}.e-con-inner>.elementor-widget-spacer>.elementor-widget-container>.elementor-spacer,.e-con>.elementor-widget-spacer>.elementor-widget-container>.elementor-spacer{height:100%}.e-con-inner>.elementor-widget-spacer>.elementor-widget-container>.elementor-spacer>.elementor-spacer-inner,.e-con>.elementor-widget-spacer>.elementor-widget-container>.elementor-spacer>.elementor-spacer-inner{height:var(--container-widget-height,var(--spacer-size))}.e-con-inner>.elementor-widget-spacer.elementor-widget-empty,.e-con>.elementor-widget-spacer.elementor-widget-empty{position:relative;min-height:22px;min-width:22px}.e-con-inner>.elementor-widget-spacer.elementor-widget-empty .elementor-widget-empty-icon,.e-con>.elementor-widget-spacer.elementor-widget-empty .elementor-widget-empty-icon{position:absolute;top:0;bottom:0;left:0;right:0;margin:auto;padding:0;width:22px;height:22px}<\/style>\t\t<div class=\"elementor-spacer\">\n\t\t\t<div class=\"elementor-spacer-inner\"><\/div>\n\t\t<\/div>\n\t\t\t\t<\/div>\n\t\t\t\t<\/div>\n\t\t\t\t<\/div>\n\t\t\t\t\t<\/div>\n\t\t\t\t<\/div>\n\t\t<div class=\"elementor-element elementor-element-69cb79a5 e-flex e-con-boxed e-con e-parent\" data-id=\"69cb79a5\" data-element_type=\"container\">\n\t\t\t\t\t<div class=\"e-con-inner\">\n\t\t<div class=\"elementor-element elementor-element-1281c3e7 e-con-full e-flex e-con e-child\" data-id=\"1281c3e7\" data-element_type=\"container\">\n\t\t\t\t<div class=\"elementor-element elementor-element-1f61f90a elementor-widget elementor-widget-heading\" data-id=\"1f61f90a\" data-element_type=\"widget\" data-widget_type=\"heading.default\">\n\t\t\t\t<div class=\"elementor-widget-container\">\n\t\t\t<style>\/*! elementor - v3.21.0 - 25-04-2024 *\/\n.elementor-heading-title{padding:0;margin:0;line-height:1}.elementor-widget-heading .elementor-heading-title[class*=elementor-size-]>a{color:inherit;font-size:inherit;line-height:inherit}.elementor-widget-heading .elementor-heading-title.elementor-size-small{font-size:15px}.elementor-widget-heading .elementor-heading-title.elementor-size-medium{font-size:19px}.elementor-widget-heading .elementor-heading-title.elementor-size-large{font-size:29px}.elementor-widget-heading .elementor-heading-title.elementor-size-xl{font-size:39px}.elementor-widget-heading .elementor-heading-title.elementor-size-xxl{font-size:59px}<\/style><h2 class=\"elementor-heading-title elementor-size-default\">Roseli Ubaldo<\/h2>\t\t<\/div>\n\t\t\t\t<\/div>\n\t\t\t\t<div class=\"elementor-element elementor-element-6a00bae0 elementor-widget elementor-widget-text-editor\" data-id=\"6a00bae0\" data-element_type=\"widget\" data-widget_type=\"text-editor.default\">\n\t\t\t\t<div class=\"elementor-widget-container\">\n\t\t\t<style>\/*! elementor - v3.21.0 - 25-04-2024 *\/\n.elementor-widget-text-editor.elementor-drop-cap-view-stacked .elementor-drop-cap{background-color:#69727d;color:#fff}.elementor-widget-text-editor.elementor-drop-cap-view-framed .elementor-drop-cap{color:#69727d;border:3px solid;background-color:transparent}.elementor-widget-text-editor:not(.elementor-drop-cap-view-default) .elementor-drop-cap{margin-top:8px}.elementor-widget-text-editor:not(.elementor-drop-cap-view-default) .elementor-drop-cap-letter{width:1em;height:1em}.elementor-widget-text-editor .elementor-drop-cap{float:left;text-align:center;line-height:1;font-size:50px}.elementor-widget-text-editor .elementor-drop-cap-letter{display:inline-block}<\/style>\t\t\t\t<h2><strong>\u00a0Eu me descobri, ensinando!<\/strong><\/h2><p>\u00a0<\/p><p>Sou apaixonada por ajudar as pessoas e organiza\u00e7\u00f5es a descobrirem o seu potencial. Acredito que todos t\u00eam potencial de desenvolvimento e que sempre h\u00e1 espa\u00e7o para crescimento.<\/p><p>No meu primeiro emprego tive a oportunidade de dar aulas. Tinha acabado de me formar no col\u00e9gio t\u00e9cnico e foi minha primeira conquista profissional. Foi neste momento que descobri que quando voc\u00ea ensina, compartilha conhecimento e ajuda outras pessoas a se desenvolverem, \u00e9 a melhor forma de aprender e de ter sucesso na vida. Essa experi\u00eancia incr\u00edvel foi um fator decisivo para minha carreira. Estava certa de qual \u00e1rea iria trabalhar. Assim, comecei a trabalhar em empresas multinacionais e a construir minha carreira na \u00e1rea de Recursos Humanos.<\/p><p>Desenvolvi minha carreira em todos subprocessos de Recursos Humanos em ind\u00fastrias multinacionais de grande porte, nos segmentos farmac\u00eautico, tecnologia, engenharia e automa\u00e7\u00e3o. Liderei processos de fus\u00f5es, aquisi\u00e7\u00f5es, transfer\u00eancias de tecnologias e produtos em diferentes culturas organizacionais, adquirindo uma s\u00f3lida experi\u00eancia em Gest\u00e3o da Mudan\u00e7a (Change Management); mudan\u00e7a de cultura, desenvolvimento de times e lideran\u00e7a, constru\u00e7\u00e3o e revis\u00e3o de pol\u00edticas, implementa\u00e7\u00e3o de sistemas e processos de RH, para as \u00e1reas comerciais, administrativas e industriais. Nesta jornada, me especializei em mapeamento e diagn\u00f3stico de cen\u00e1rios organizacionais para buscar solu\u00e7\u00f5es direcionadas e sincronizadas com as necessidades do neg\u00f3cio.<\/p><p>Executiva de RH que decidiu empreender, atuo como consultora de desenvolvimento organizacional e gest\u00e3o da cultura organizacional. Sou Coach pelo Integrated Coaching Institute (ICI), possuo certifica\u00e7\u00e3o em Gest\u00e3o e Assessment Cultural no modelo Barrett e em Solu\u00e7\u00f5es de Desenvolvimento pela Insights Discovery.<\/p><p>Muito prazer! Sou uma pessoa apaixonada por ajudar as pessoas a descobrirem, a realizarem e a usarem seu potencial para terem sucesso. Apoio as pessoas, incluindo o \u00e2mbito organizacional, em seu desenvolvimento pessoal e profissional, desafiando seus pensamentos em uma discuss\u00e3o at\u00e9 criar um ambiente que facilite a consci\u00eancia do potencial que elas t\u00eam e a construir ambientes que gerem resultados positivos.<\/p>\t\t\t\t\t\t<\/div>\n\t\t\t\t<\/div>\n\t\t\t\t<\/div>\n\t\t<div class=\"elementor-element elementor-element-7141170c e-con-full e-flex e-con e-child\" data-id=\"7141170c\" data-element_type=\"container\">\n\t\t\t\t<div class=\"elementor-element elementor-element-1a87895d elementor-widget elementor-widget-spacer\" data-id=\"1a87895d\" data-element_type=\"widget\" data-widget_type=\"spacer.default\">\n\t\t\t\t<div class=\"elementor-widget-container\">\n\t\t\t\t\t<div class=\"elementor-spacer\">\n\t\t\t<div class=\"elementor-spacer-inner\"><\/div>\n\t\t<\/div>\n\t\t\t\t<\/div>\n\t\t\t\t<\/div>\n\t\t\t\t<div class=\"elementor-element elementor-element-5c94371 elementor-widget elementor-widget-image\" data-id=\"5c94371\" data-element_type=\"widget\" data-widget_type=\"image.default\">\n\t\t\t\t<div class=\"elementor-widget-container\">\n\t\t\t\t\t\t\t\t\t\t\t\t\t<img decoding=\"async\" src=\"https:\/\/roseliaubaldo.com.br\/wp-content\/uploads\/2024\/03\/Corporativo-Roseli-2024_alta-resolucao_by-Fernanda-Nunes-Fotografia-FNF_4722-scaled.jpg\" title=\"Corporativo Roseli 2024_alta resolucao_by Fernanda Nunes Fotografia-FNF_4722\" alt=\"Corporativo Roseli 2024_alta resolucao_by Fernanda Nunes Fotografia-FNF_4722\" loading=\"lazy\" \/>\t\t\t\t\t\t\t\t\t\t\t\t\t<\/div>\n\t\t\t\t<\/div>\n\t\t\t\t<div class=\"elementor-element elementor-element-e4b1514 elementor-widget elementor-widget-button\" data-id=\"e4b1514\" data-element_type=\"widget\" data-widget_type=\"button.default\">\n\t\t\t\t<div class=\"elementor-widget-container\">\n\t\t\t\t\t<div class=\"elementor-button-wrapper\">\n\t\t\t<a class=\"elementor-button elementor-button-link elementor-size-sm\" href=\"https:\/\/www.linkedin.com\/in\/roseli-ubaldo-155341\/?originalSubdomain=br\">\n\t\t\t\t\t\t<span class=\"elementor-button-content-wrapper\">\n\t\t\t\t\t\t<span class=\"elementor-button-icon elementor-align-icon-left\">\n\t\t\t\t<i aria-hidden=\"true\" class=\"fab fa-linkedin-in\"><\/i>\t\t\t<\/span>\n\t\t\t\t\t\t\t\t\t<span class=\"elementor-button-text\"> Conecte-se comigo<\/span>\n\t\t\t\t\t<\/span>\n\t\t\t\t\t<\/a>\n\t\t<\/div>\n\t\t\t\t<\/div>\n\t\t\t\t<\/div>\n\t\t\t\t<\/div>\n\t\t\t\t\t<\/div>\n\t\t\t\t<\/div>\n\t\t<div class=\"elementor-element elementor-element-7e82cc24 e-flex e-con-boxed e-con e-parent\" data-id=\"7e82cc24\" data-element_type=\"container\">\n\t\t\t\t\t<div class=\"e-con-inner\">\n\t\t\t\t<div class=\"elementor-element elementor-element-270975ff elementor-widget elementor-widget-spacer\" data-id=\"270975ff\" data-element_type=\"widget\" data-widget_type=\"spacer.default\">\n\t\t\t\t<div class=\"elementor-widget-container\">\n\t\t\t\t\t<div class=\"elementor-spacer\">\n\t\t\t<div class=\"elementor-spacer-inner\"><\/div>\n\t\t<\/div>\n\t\t\t\t<\/div>\n\t\t\t\t<\/div>\n\t\t\t\t\t<\/div>\n\t\t\t\t<\/div>\n\t\t<div class=\"elementor-element elementor-element-72c3468 e-flex e-con-boxed e-con e-parent\" data-id=\"72c3468\" data-element_type=\"container\">\n\t\t\t\t\t<div class=\"e-con-inner\">\n\t\t<div class=\"elementor-element elementor-element-72a65ddc e-con-full e-flex e-con e-child\" data-id=\"72a65ddc\" data-element_type=\"container\">\n\t\t\t\t<div class=\"elementor-element elementor-element-5fd6f98c elementor-widget elementor-widget-heading\" data-id=\"5fd6f98c\" data-element_type=\"widget\" data-widget_type=\"heading.default\">\n\t\t\t\t<div class=\"elementor-widget-container\">\n\t\t\t<h2 class=\"elementor-heading-title elementor-size-default\">Servi\u00e7os: <\/h2>\t\t<\/div>\n\t\t\t\t<\/div>\n\t\t\t\t<\/div>\n\t\t<div class=\"elementor-element elementor-element-5e1ace3b e-con-full e-flex e-con e-child\" data-id=\"5e1ace3b\" data-element_type=\"container\">\n\t\t\t\t<div class=\"elementor-element elementor-element-4b1b3ea5 elementor-widget elementor-widget-text-editor\" data-id=\"4b1b3ea5\" data-element_type=\"widget\" data-widget_type=\"text-editor.default\">\n\t\t\t\t<div class=\"elementor-widget-container\">\n\t\t\t\t\t\t\t<p>Oferecemos servi\u00e7os de consultoria, treinamento e desenvolvimento para ajudar indiv\u00edduos e organiza\u00e7\u00f5es a atingirem seus objetivos.<\/p><p>\u00a0<\/p><p><span style=\"text-decoration: underline;\"><span style=\"color: #1d562c;\"><a style=\"color: #1d562c; text-decoration: underline;\" href=\"https:\/\/roseliaubaldo.com.br\/index.php\/empresa\/\">Saiba Mais +<\/a><\/span><\/span><\/p>\t\t\t\t\t\t<\/div>\n\t\t\t\t<\/div>\n\t\t\t\t<\/div>\n\t\t\t\t\t<\/div>\n\t\t\t\t<\/div>\n\t\t<div class=\"elementor-element elementor-element-4e91aac4 e-flex e-con-boxed e-con e-parent\" data-id=\"4e91aac4\" data-element_type=\"container\">\n\t\t\t\t\t<div class=\"e-con-inner\">\n\t\t\t\t<div class=\"elementor-element elementor-element-c724a elementor-widget elementor-widget-spacer\" data-id=\"c724a\" data-element_type=\"widget\" data-widget_type=\"spacer.default\">\n\t\t\t\t<div class=\"elementor-widget-container\">\n\t\t\t\t\t<div class=\"elementor-spacer\">\n\t\t\t<div class=\"elementor-spacer-inner\"><\/div>\n\t\t<\/div>\n\t\t\t\t<\/div>\n\t\t\t\t<\/div>\n\t\t\t\t\t<\/div>\n\t\t\t\t<\/div>\n\t\t<div class=\"elementor-element elementor-element-bf0644c e-flex e-con-boxed e-con e-parent\" data-id=\"bf0644c\" data-element_type=\"container\" data-settings=\"{&quot;background_background&quot;:&quot;classic&quot;}\">\n\t\t\t\t\t<div class=\"e-con-inner\">\n\t\t<div class=\"elementor-element elementor-element-269c9fc e-con-full e-flex e-con e-child\" data-id=\"269c9fc\" data-element_type=\"container\">\n\t\t\t\t<div class=\"elementor-element elementor-element-7ddeb097 elementor-widget elementor-widget-image\" data-id=\"7ddeb097\" data-element_type=\"widget\" data-widget_type=\"image.default\">\n\t\t\t\t<div class=\"elementor-widget-container\">\n\t\t\t\t\t\t\t\t\t\t\t\t\t<img decoding=\"async\" src=\"https:\/\/roseliaubaldo.com.br\/wp-content\/uploads\/elementor\/thumbs\/BRANCO-LOGO-qlvvu11j1hamtcvhemvpkq9vpdvjqvg5h7xuwhz600.png\" title=\"BRANCO-LOGO\" alt=\"BRANCO-LOGO\" loading=\"lazy\" \/>\t\t\t\t\t\t\t\t\t\t\t\t\t<\/div>\n\t\t\t\t<\/div>\n\t\t\t\t<\/div>\n\t\t<div class=\"elementor-element elementor-element-3a5580df e-con-full e-flex e-con e-child\" data-id=\"3a5580df\" data-element_type=\"container\">\n\t\t\t\t<div class=\"elementor-element elementor-element-4c3da760 elementor-widget__width-initial elementor-widget elementor-widget-text-editor\" data-id=\"4c3da760\" data-element_type=\"widget\" data-widget_type=\"text-editor.default\">\n\t\t\t\t<div class=\"elementor-widget-container\">\n\t\t\t\t\t\t\t<p style=\"text-align: left;\"><span style=\"color: #ffffff;\"><a style=\"color: #ffffff;\" href=\"https:\/\/roseliaubaldo.com.br\/index.php\/sobre\/\">Sobre<\/a><\/span><\/p><p style=\"text-align: left;\"><span style=\"color: #ffffff;\"><a style=\"color: #ffffff;\" href=\"https:\/\/roseliaubaldo.com.br\/index.php\/empresa\/\">Servi\u00e7os<\/a><\/span><\/p><p style=\"text-align: left;\"><span style=\"color: #ffffff;\"><a style=\"color: #ffffff;\" href=\"https:\/\/roseliaubaldo.com.br\/index.php\/roseli\/\">Roseli<\/a><\/span><\/p><p style=\"text-align: left;\"><span style=\"color: #ffffff;\"><a style=\"color: #ffffff;\" href=\"https:\/\/roseliaubaldo.com.br\/index.php\/contato\/\">Contato<\/a><\/span><\/p>\t\t\t\t\t\t<\/div>\n\t\t\t\t<\/div>\n\t\t\t\t<\/div>\n\t\t<div class=\"elementor-element elementor-element-405137bd e-con-full e-flex e-con e-child\" data-id=\"405137bd\" data-element_type=\"container\">\n\t\t\t\t<div class=\"elementor-element elementor-element-36277679 elementor-widget elementor-widget-text-editor\" data-id=\"36277679\" data-element_type=\"widget\" data-widget_type=\"text-editor.default\">\n\t\t\t\t<div class=\"elementor-widget-container\">\n\t\t\t\t\t\t\t<p><span style=\"color: #ffffff;\">Mande um email para Roseli:<\/span><\/p>\t\t\t\t\t\t<\/div>\n\t\t\t\t<\/div>\n\t\t\t\t<div class=\"elementor-element elementor-element-521bd46f elementor-view-default elementor-widget elementor-widget-icon\" data-id=\"521bd46f\" data-element_type=\"widget\" data-widget_type=\"icon.default\">\n\t\t\t\t<div class=\"elementor-widget-container\">\n\t\t\t\t\t<div class=\"elementor-icon-wrapper\">\n\t\t\t<a class=\"elementor-icon elementor-animation-pop\" href=\"mailto:conversecom@roseliaubaldo.com.br\">\n\t\t\t<i aria-hidden=\"true\" class=\"icon icon-mail\"><\/i>\t\t\t<\/a>\n\t\t<\/div>\n\t\t\t\t<\/div>\n\t\t\t\t<\/div>\n\t\t\t\t<\/div>\n\t\t<div class=\"elementor-element elementor-element-3d160c78 e-con-full e-flex e-con e-child\" data-id=\"3d160c78\" data-element_type=\"container\">\n\t\t\t\t<div class=\"elementor-element elementor-element-67d3450a elementor-widget elementor-widget-text-editor\" data-id=\"67d3450a\" data-element_type=\"widget\" data-widget_type=\"text-editor.default\">\n\t\t\t\t<div class=\"elementor-widget-container\">\n\t\t\t\t\t\t\t<p><span style=\"color: #ffffff;\">\u00a9 Roseli A Ubaldo 2023<\/span><\/p>\t\t\t\t\t\t<\/div>\n\t\t\t\t<\/div>\n\t\t\t\t<div class=\"elementor-element elementor-element-5e690913 elementor-widget elementor-widget-text-editor\" data-id=\"5e690913\" data-element_type=\"widget\" data-widget_type=\"text-editor.default\">\n\t\t\t\t<div class=\"elementor-widget-container\">\n\t\t\t\t\t\t\t<p><span style=\"text-decoration: underline;\"><a href=\"https:\/\/roseliaubaldo.com.br\/index.php\/privacy-policy\/\"><span style=\"color: #ffffff; text-decoration: underline;\">Pol\u00edtica de Privacidade<\/span><\/a><\/span><\/p>\t\t\t\t\t\t<\/div>\n\t\t\t\t<\/div>\n\t\t\t\t<\/div>\n\t\t\t\t\t<\/div>\n\t\t\t\t<\/div>\n\t\t\t\t<\/div>\n\t\t","protected":false},"excerpt":{"rendered":"<p>Sobre Servi\u00e7os Contato Roseli Ubaldo \u00a0Eu me descobri, ensinando! \u00a0 Sou apaixonada por ajudar as pessoas e organiza\u00e7\u00f5es a descobrirem o seu potencial. Acredito que todos t\u00eam potencial de desenvolvimento e que sempre h\u00e1 espa\u00e7o para crescimento. No meu primeiro emprego tive a oportunidade de dar aulas. Tinha acabado de me formar no col\u00e9gio t\u00e9cnico&hellip; <a class=\"more-link\" href=\"https:\/\/roseliaubaldo.com.br\/index.php\/roseli\/\">Continue reading <span class=\"screen-reader-text\">Roseli<\/span><\/a><\/p>\n","protected":false},"author":1,"featured_media":0,"parent":0,"menu_order":0,"comment_status":"closed","ping_status":"closed","template":"elementor_canvas","meta":{"footnotes":""},"_links":{"self":[{"href":"https:\/\/roseliaubaldo.com.br\/index.php\/wp-json\/wp\/v2\/pages\/166"}],"collection":[{"href":"https:\/\/roseliaubaldo.com.br\/index.php\/wp-json\/wp\/v2\/pages"}],"about":[{"href":"https:\/\/roseliaubaldo.com.br\/index.php\/wp-json\/wp\/v2\/types\/page"}],"author":[{"embeddable":true,"href":"https:\/\/roseliaubaldo.com.br\/index.php\/wp-json\/wp\/v2\/users\/1"}],"replies":[{"embeddable":true,"href":"https:\/\/roseliaubaldo.com.br\/index.php\/wp-json\/wp\/v2\/comments?post=166"}],"version-history":[{"count":55,"href":"https:\/\/roseliaubaldo.com.br\/index.php\/wp-json\/wp\/v2\/pages\/166\/revisions"}],"predecessor-version":[{"id":1261,"href":"https:\/\/roseliaubaldo.com.br\/index.php\/wp-json\/wp\/v2\/pages\/166\/revisions\/1261"}],"wp:attachment":[{"href":"https:\/\/roseliaubaldo.com.br\/index.php\/wp-json\/wp\/v2\/media?parent=166"}],"curies":[{"name":"wp","href":"https:\/\/api.w.org\/{rel}","templated":true}]}}